{"id":3134,"date":"2018-04-26T12:10:44","date_gmt":"2018-04-26T12:10:44","guid":{"rendered":"http:\/\/wiso.foxthemes.me\/?page_id=3134"},"modified":"2024-06-20T04:14:48","modified_gmt":"2024-06-20T02:14:48","slug":"main-home","status":"publish","type":"page","link":"https:\/\/alittlebetterthanadream.com\/","title":{"rendered":"Main Home"},"content":{"rendered":"<div class=\"wpb-content-wrapper\"><p>[vc_row full_width=\u00a0\u00bbstretch_row_content_no_spaces\u00a0\u00bb desctop_mt=\u00a0\u00bbmargin-lg-10t\u00a0\u00bb desctop_mb=\u00a0\u00bbmargin-lg-90b\u00a0\u00bb tablets_mt=\u00a0\u00bbmargin-sm-0t\u00a0\u00bb tablets_mb=\u00a0\u00bbmargin-sm-70b\u00a0\u00bb mobile_mb=\u00a0\u00bbmargin-xs-50b\u00a0\u00bb css=\u00a0\u00bb.vc_custom_1716419888924{margin-right: 2px !important;margin-left: 2px !important;border-radius: 1px !important;}\u00a0\u00bb][vc_column][banner_slider type_slider=\u00a0\u00bbandra\u00a0\u00bb autoplay=\u00a0\u00bb5&Prime; speed=\u00a0\u00bb1500&Prime;][banner_slider_items option_style=\u00a0\u00bbandra\u00a0\u00bb image=\u00a0\u00bb3104&Prime;][banner_slider_items option_style=\u00a0\u00bbandra\u00a0\u00bb image=\u00a0\u00bb3088&Prime;][banner_slider_items option_style=\u00a0\u00bbandra\u00a0\u00bb image=\u00a0\u00bb3094&Prime;][banner_slider_items option_style=\u00a0\u00bbandra\u00a0\u00bb image=\u00a0\u00bb3083&Prime;][banner_slider_items option_style=\u00a0\u00bbandra\u00a0\u00bb][\/banner_slider][\/vc_column][\/vc_row][vc_row desctop_mb=\u00a0\u00bbmargin-lg-105b\u00a0\u00bb desctop_md_mb=\u00a0\u00bbmargin-md-80b\u00a0\u00bb tablets_mb=\u00a0\u00bbmargin-sm-70b\u00a0\u00bb mobile_mb=\u00a0\u00bbmargin-xs-40b\u00a0\u00bb][vc_column][wiso_headings style=\u00a0\u00bbtext_link\u00a0\u00bb title=\u00a0\u00bbQUI JE SUIS\u00a0\u00bb subtitle=\u00a0\u00bbGlobe-trotteuse, litt\u00e9raire, fan de sports et surtout photographe. Je m&rsquo;appelle H\u00e9lo\u00efse, j&rsquo;ai grandis dans le nord de la France et je vis actuellement \u00e0 Montr\u00e9al. <\/p>\n<p>Mes voyages ont d\u00e9velopp\u00e9 mon envie de partager les merveilles de notre plan\u00e8te. Mes proches m&rsquo;ont pouss\u00e9 \u00e0 immortaliser leurs plus beaux moments. Ma curiosit\u00e9 est \u00e0 l&rsquo;origine de ma pratique de la photographie de rue. Mon imagination avait besoin d&rsquo;un medium pour raconter des histoires. <\/p>\n<p>D\u00e9couvrez mon travail en parcourant mes portfolios, retrouvez moi sur mon compte Instagram @alittlebetterthanadream et n&rsquo;h\u00e9sitez pas \u00e0 me contacter ! Ce sera un plaisir de vous rencontrer et discuter de vos projets. \u00a0\u00bb animation_fade=\u00a0\u00bbtrue\u00a0\u00bb button=\u00a0\u00bburl:http%3A%2F%2Fwiso.foxthemes.me%2Fcontact%2F|title:Prendre%20contact|target:_blank\u00a0\u00bb image=\u00a0\u00bb6558&Prime;][\/vc_column][\/vc_row][vc_row full_width=\u00a0\u00bbstretch_row\u00a0\u00bb css=\u00a0\u00bb.vc_custom_1525347828777{background-color: #fcf9f6 !important;}\u00a0\u00bb][vc_column desctop_mt=\u00a0\u00bbmargin-lg-65t\u00a0\u00bb desctop_mb=\u00a0\u00bbmargin-lg-50b\u00a0\u00bb tablets_mt=\u00a0\u00bbmargin-sm-45t\u00a0\u00bb tablets_mb=\u00a0\u00bbmargin-sm-30b\u00a0\u00bb mobile_mt=\u00a0\u00bbmargin-xs-15t\u00a0\u00bb mobile_mb=\u00a0\u00bbmargin-xs-10b\u00a0\u00bb][wiso_headings style=\u00a0\u00bbclassic_text\u00a0\u00bb title=\u00a0\u00bbPORTFOLIOS\u00a0\u00bb subtitle=\u00a0\u00bbVoyages, Famille, Projets scolaires,&#8230;\u00a0\u00bb animation_fade=\u00a0\u00bbtrue\u00a0\u00bb][\/vc_column][\/vc_row][vc_row full_width=\u00a0\u00bbstretch_row\u00a0\u00bb css=\u00a0\u00bb.vc_custom_1525347839250{background-color: #fcf9f6 !important;}\u00a0\u00bb][vc_column desctop_mb=\u00a0\u00bbmargin-lg-115b\u00a0\u00bb tablets_mb=\u00a0\u00bbmargin-sm-95b\u00a0\u00bb mobile_mb=\u00a0\u00bbmargin-xs-55b\u00a0\u00bb]<!-- The Grid Plugin Version 2.7.9.5 --><!-- The Grid Wrapper Start --><div class=\"tg-grid-wrapper wiso-portfolio-lima portfolio-masonry  tg-txt full-height\" id=\"grid-4591\" data-version=\"2.7.9.5\"><!-- The Grid Styles --><style class=\"tg-grid-styles\" type=\"text\/css\">#grid-4591 .tg-nav-color:not(.dots):not(.tg-dropdown-value):not(.tg-dropdown-title):hover,#grid-4591 .tg-nav-color:hover .tg-nav-color,#grid-4591 .tg-page-number.tg-page-current,#grid-4591 .tg-filter.tg-filter-active span{color:#ff6863}#grid-4591 .tg-filter:before,#grid-4591 .tg-filter.tg-filter-active:before{color:#999999}#grid-4591 .tg-dropdown-holder,#grid-4591 .tg-search-inner,#grid-4591 .tg-sorter-order{border:1px solid rgba(153,153,153,0.6)}#grid-4591 .tg-search-clear,#grid-4591 .tg-search-clear:hover{border:none;border-left:1px solid rgba(153,153,153,0.6)}.tg-txt .tg-nav-font,.tg-txt input[type=text].tg-search{font-size:14px;font-weight:600}.tg-txt .tg-search::-webkit-input-placeholder{font-size:14px}.tg-txt .tg-search::-moz-placeholder{font-size:14px}.tg-txt .tg-search:-ms-input-placeholder{font-size:14px}.tg-txt .tg-icon-left-arrow:before{content:\"\\e604\";font-size:32px;font-weight:100}.tg-txt .tg-icon-right-arrow:before{content:\"\\e602\";font-size:32px;font-weight:100}.tg-txt .tg-icon-dropdown-open:before,.tg-txt .tg-icon-sorter-down:before{content:\"\\e60a\"}.tg-txt .tg-icon-sorter-up:before{content:\"\\e609\"}.tg-txt .tg-search-clear:before{content:\"\\e611\";font-weight:300}.tg-txt .tg-search-icon:before{content:\"\\e62e\";font-size:16px;font-weight:600}#grid-4591 .tg-nav-color,#grid-4591 .tg-search-icon:hover:before,#grid-4591 .tg-search-icon:hover input,#grid-4591 .tg-disabled:hover .tg-icon-left-arrow,#grid-4591 .tg-disabled:hover .tg-icon-right-arrow,#grid-4591 .tg-dropdown-title.tg-nav-color:hover{color:#999999}#grid-4591 input.tg-search:hover{color:#999999 !important}#grid-4591 input.tg-search::-webkit-input-placeholder{color:#999999}#grid-4591 input.tg-search::-moz-placeholder{color:#999999;opacity:1}#grid-4591 input.tg-search:-ms-input-placeholder{color:#999999}.grid-4591 .tg-dropdown-item{color:#777777;background:#ffffff}.grid-4591 .tg-filter-active,.grid-4591 .tg-dropdown-item:hover{color:#444444;background:#f5f6fa}#grid-4591 .tg-slider-bullets li.tg-active-item span{background:#59585b}#grid-4591 .tg-slider-bullets li span{background:#DDDDDD}@font-face{font-family:'Open Sans';font-style:normal;font-weight:400;src:local('Open Sans Regular'),local('OpenSans-Regular'),url(http:\/\/fonts.gstatic.com\/s\/opensans\/v15\/mem8YaGs126MiZpBA-UFVZ0e.ttf) format('truetype')}@font-face{font-family:'Playfair Display';font-style:normal;font-weight:400;src:local('Playfair Display Regular'),local('PlayfairDisplay-Regular'),url(http:\/\/fonts.gstatic.com\/s\/playfairdisplay\/v13\/nuFiD-vYSZviVYUb_rj3ij__anPXDTzYhQ.ttf) format('truetype')}.tg-iso-lima a:not([class*=\"tg-element-\"]),.tg-iso-lima a:not([class*=\"tg-element-\"]):active,.tg-iso-lima a:not([class*=\"tg-element-\"]):focus,.tg-iso-lima [class*=\"tg-element-\"] *:not(del){margin:0;padding:0;color:inherit !important;text-align:inherit;font-size:inherit;font-style:inherit;line-height:inherit;font-weight:inherit;text-transform:inherit;text-decoration:inherit;-webkit-box-shadow:none;box-shadow:none;border:none}.tg-iso-lima [class*=\"tg-element-\"],.tg-iso-lima .tg-item-overlay,.tg-iso-lima .tg-center-holder,.tg-iso-lima .tg-center-inner > *{vertical-align:middle}.tg-iso-lima .tg-item-inner{overflow:hidden}.tg-iso-lima .tg-item-overlay{background-color:#222222 !important;position:absolute;display:block;top:0;left:0;bottom:0;right:0}.tg-iso-lima:not(.tg-force-play):not(.tg-is-playing) .tg-item-media-inner > *{-webkit-transition:all 250ms ease-out;-moz-transition:all 250ms ease-out;-ms-transition:all 250ms ease-out;transition:all 250ms ease-out;-webkit-transform:translate3d(0,0,0);-moz-transform:translate3d(0,0,0);-ms-transform:translate3d(0,0,0);transform:translate3d(0,0,0)}.tg-iso-lima:not(.tg-force-play):not(.tg-is-playing):hover .tg-item-media-inner > *{-webkit-transform:translate3d(0px,-40px,0px);-moz-transform:translate3d(0px,-40px,0px);-ms-transform:translate3d(0px,-40px,0px);transform:translate3d(0px,-40px,0px)}.tg-iso-lima .tg-bottom-holder{-webkit-transition:all 250ms ease-out;-moz-transition:all 250ms ease-out;-ms-transition:all 250ms ease-out;transition:all 250ms ease-out;-webkit-transform:translate3d(0%,100%,0px);-moz-transform:translate3d(0%,100%,0px);-ms-transform:translate3d(0%,100%,0px);transform:translate3d(0%,100%,0px)}.tg-iso-lima:hover .tg-bottom-holder{-webkit-transform:translate3d(0,0,0);-moz-transform:translate3d(0,0,0);-ms-transform:translate3d(0,0,0);transform:translate3d(0,0,0)}.tg-iso-lima div.tg-item-media-content{text-align:center}.tg-iso-lima .tg-element-1{position:relative;font-size:24px;line-height:1.4em;color:#ffffff !important;font-weight:400;font-family:Open Sans;letter-spacing:1px;display:block;margin:16px 46px 10px;padding:0}.tg-iso-lima .tg-element-2{position:relative;font-size:15px;line-height:18px;font-weight:400;font-family:Playfair Display;font-style:italic;letter-spacing:1px;display:block;margin:0 46px 16px}.tg-iso-lima .tg-element-2 .tg-item-term{position:relative;display:inline-block}.tg-caracas-custom-2 .tg-bottom-holder{background:#ffffff}.tg-item .tg-dark div,.tg-item .tg-dark h1,.tg-item .tg-dark h1 a,.tg-item .tg-dark h2,.tg-item .tg-dark h2 a,.tg-item .tg-dark h3,.tg-item .tg-dark h3 a,.tg-item .tg-dark h4,.tg-item .tg-dark h4 a,.tg-item .tg-dark h5,.tg-item .tg-dark h5 a,.tg-item .tg-dark h6,.tg-item .tg-dark h6 a,.tg-item .tg-dark a,.tg-item .tg-dark a.tg-link-url,.tg-item .tg-dark i,.tg-item .tg-dark .tg-media-button,.tg-item .tg-dark .tg-item-price span{color:#444444;fill:#444444;stroke:#444444;border-color:#444444}.tg-item .tg-dark p,.tg-item .tg-dark ol,.tg-item .tg-dark ul,.tg-item .tg-dark li{color:#777777;fill:#777777;stroke:#777777;border-color:#777777}.tg-item .tg-dark span,.tg-item .tg-dark .no-liked .to-heart-icon path,.tg-item .tg-dark .empty-heart .to-heart-icon path,.tg-item .tg-dark .tg-item-comment i,.tg-item .tg-dark .tg-item-price del span{color:#999999;fill:#999999;stroke:#999999;border-color:#999999}.tg-item .tg-light div,.tg-item .tg-light h1,.tg-item .tg-light h1 a,.tg-item .tg-light h2,.tg-item .tg-light h2 a,.tg-item .tg-light h3,.tg-item .tg-light h3 a,.tg-item .tg-light h4,.tg-item .tg-light h4 a,.tg-item .tg-light h5,.tg-item .tg-light h5 a,.tg-item .tg-light h6,.tg-item .tg-light h6 a,.tg-item .tg-light a,.tg-item .tg-light a.tg-link-url,.tg-item .tg-light i,.tg-item .tg-light .tg-media-button,.tg-item .tg-light .tg-item-price span{color:#ffffff;fill:#ffffff;stroke:#ffffff;border-color:#ffffff}.tg-item .tg-light p,.tg-item .tg-light ol,.tg-item .tg-light ul,.tg-item .tg-light li{color:#f5f5f5;fill:#f5f5f5;stroke:#f5f5f5;border-color:#f5f5f5}.tg-item .tg-light span,.tg-item .tg-light .no-liked .to-heart-icon path,.tg-item .tg-light .empty-heart .to-heart-icon path,.tg-item .tg-light .tg-item-comment i,.tg-item .tg-light .tg-item-price del span{color:#f6f6f6;fill:#f6f6f6;stroke:#f6f6f6;border-color:#f6f6f6}#grid-4591 .tg-item-content-holder{background-color:#ffffff}#grid-4591 .tg-item-overlay{background-color:rgba(22,22,22,0.65)}<\/style><!-- The Grid Item Sizer --><div class=\"tg-grid-sizer\"><\/div><!-- The Grid Gutter Sizer --><div class=\"tg-gutter-sizer\"><\/div><!-- The Grid Items Holder --><div class=\"tg-grid-holder tg-layout-grid\"  data-name=\"Wiso Lima Portfolio\"  data-style=\"grid\" data-row=\"1\" data-layout=\"vertical\" data-rtl=\"\" data-fitrows=\"\" data-filtercomb=\"\" data-filterlogic=\"AND\" data-filterload =\"0\" data-sortbyload =\"\" data-orderload =\"false\" data-fullwidth=\"1\" data-fullheight=\"null\" data-gutters=\"[[320,15],[480,15],[768,15],[980,15],[1200,20],[9999,20]]\" data-slider='{\"itemNav\":\"null\",\"swingSpeed\":0.1,\"cycleBy\":\"null\",\"cycle\":5000,\"startAt\":1}' data-ratio=\"1.00\" data-cols=\"[[320,1],[480,1],[768,3],[980,3],[1200,4],[9999,4]]\" data-rows=\"[[320,200],[480,200],[768,220],[980,220],[1200,240],[9999,240]]\" data-animation='{&quot;name&quot;:&quot;Fade in&quot;,&quot;visible&quot;:&quot;&quot;,&quot;hidden&quot;:&quot;&quot;}' data-transition=\"700ms\" data-ajaxmethod=\"load_more\" data-ajaxdelay=\"100\" data-preloader=\"\" data-itemdelay=\"100\" data-gallery=\"\" data-ajax=\"\"><!-- The Grid item #1 --><article class=\"tg-item tg-post-4741 tg-iso-lima f214\" data-row=\"1\" data-col=\"1\"><div class=\"tg-item-inner\"><div class=\"tg-item-media-holder tg-light\"><div class=\"tg-item-media-content \"><div class=\"tg-bottom-holder\"><div class=\"tg-item-overlay\" data-position=\"bottom\"><\/div><h3 class=\"tg-item-title tg-element-1 title\"><a target=\"_self\" href=\"https:\/\/alittlebetterthanadream.com\/?portfolio=elza\">Elza<\/a><\/h3><span class=\"tg-cats-holder tg-element-2\"><a class=\"portfolio-category\" href=\"https:\/\/alittlebetterthanadream.com\/?portfolio-category=travel\" rel=\"category\" data-term-id=\"214\"><span class=\"tg-item-term\" >travel<\/span><\/a><\/span><\/div><\/div><\/div><\/div><\/article><!-- The Grid item #2 --><article class=\"tg-item tg-post-4313 tg-iso-lima f189 f190 f196 f207 f215\" data-row=\"1\" data-col=\"1\"><div class=\"tg-item-inner\"><div class=\"tg-item-media-holder tg-light\"><div class=\"tg-item-media-content \"><div class=\"tg-bottom-holder\"><div class=\"tg-item-overlay\" data-position=\"bottom\"><\/div><h3 class=\"tg-item-title tg-element-1 title\"><a target=\"_self\" href=\"https:\/\/alittlebetterthanadream.com\/?portfolio=massey-hall\">Massey Hall<\/a><\/h3><span class=\"tg-cats-holder tg-element-2\"><a class=\"portfolio-category\" href=\"https:\/\/alittlebetterthanadream.com\/?portfolio-category=albums\" rel=\"category\" data-term-id=\"189\"><span class=\"tg-item-term\" >albums<\/span><\/a><\/span><\/div><\/div><\/div><\/div><\/article><!-- The Grid item #3 --><article class=\"tg-item tg-post-4311 tg-iso-lima f189 f190 f207 f210 f215\" data-row=\"1\" data-col=\"1\"><div class=\"tg-item-inner\"><div class=\"tg-item-media-holder tg-light\"><div class=\"tg-item-media-content \"><div class=\"tg-bottom-holder\"><div class=\"tg-item-overlay\" data-position=\"bottom\"><\/div><h3 class=\"tg-item-title tg-element-1 title\"><a target=\"_self\" href=\"https:\/\/alittlebetterthanadream.com\/?portfolio=lifestyle\">Lifestyle<\/a><\/h3><span class=\"tg-cats-holder tg-element-2\"><a class=\"portfolio-category\" href=\"https:\/\/alittlebetterthanadream.com\/?portfolio-category=albums\" rel=\"category\" data-term-id=\"189\"><span class=\"tg-item-term\" >albums<\/span><\/a><\/span><\/div><\/div><\/div><\/div><\/article><!-- The Grid item #4 --><article class=\"tg-item tg-post-4305 tg-iso-lima f189 f201 f191\" data-row=\"1\" data-col=\"1\"><div class=\"tg-item-inner\"><div class=\"tg-item-media-holder tg-light\"><div class=\"tg-item-media-content \"><div class=\"tg-bottom-holder\"><div class=\"tg-item-overlay\" data-position=\"bottom\"><\/div><h3 class=\"tg-item-title tg-element-1 title\"><a target=\"_self\" href=\"https:\/\/alittlebetterthanadream.com\/?portfolio=vutech-ruff\">Vutech Ruff<\/a><\/h3><span class=\"tg-cats-holder tg-element-2\"><a class=\"portfolio-category\" href=\"https:\/\/alittlebetterthanadream.com\/?portfolio-category=albums\" rel=\"category\" data-term-id=\"189\"><span class=\"tg-item-term\" >albums<\/span><\/a><span>, <\/span><a class=\"portfolio-category\" href=\"https:\/\/alittlebetterthanadream.com\/?portfolio-category=exhibition\" rel=\"category\" data-term-id=\"201\"><span class=\"tg-item-term\" >exhibition<\/span><\/a><\/span><\/div><\/div><\/div><\/div><\/article><!-- The Grid item #5 --><article class=\"tg-item tg-post-4309 tg-iso-lima f189 f201\" data-row=\"2\" data-col=\"2\"><div class=\"tg-item-inner\"><div class=\"tg-item-media-holder tg-light\"><div class=\"tg-item-media-content \"><div class=\"tg-bottom-holder\"><div class=\"tg-item-overlay\" data-position=\"bottom\"><\/div><h3 class=\"tg-item-title tg-element-1 title\"><a target=\"_self\" href=\"https:\/\/alittlebetterthanadream.com\/?portfolio=van-polly\">Van Polly<\/a><\/h3><span class=\"tg-cats-holder tg-element-2\"><a class=\"portfolio-category\" href=\"https:\/\/alittlebetterthanadream.com\/?portfolio-category=albums\" rel=\"category\" data-term-id=\"189\"><span class=\"tg-item-term\" >albums<\/span><\/a><span>, <\/span><a class=\"portfolio-category\" href=\"https:\/\/alittlebetterthanadream.com\/?portfolio-category=exhibition\" rel=\"category\" data-term-id=\"201\"><span class=\"tg-item-term\" >exhibition<\/span><\/a><\/span><\/div><\/div><\/div><\/div><\/article><!-- The Grid item #6 --><article class=\"tg-item tg-post-4307 tg-iso-lima f189 f190 f210 f215\" data-row=\"2\" data-col=\"2\"><div class=\"tg-item-inner\"><div class=\"tg-item-media-holder tg-light\"><div class=\"tg-item-media-content \"><div class=\"tg-bottom-holder\"><div class=\"tg-item-overlay\" data-position=\"bottom\"><\/div><h3 class=\"tg-item-title tg-element-1 title\"><a target=\"_self\" href=\"https:\/\/alittlebetterthanadream.com\/?portfolio=garden\">Garden<\/a><\/h3><span class=\"tg-cats-holder tg-element-2\"><a class=\"portfolio-category\" href=\"https:\/\/alittlebetterthanadream.com\/?portfolio-category=albums\" rel=\"category\" data-term-id=\"189\"><span class=\"tg-item-term\" >albums<\/span><\/a><\/span><\/div><\/div><\/div><\/div><\/article><\/div><\/div><!-- The Grid Wrapper End -->[\/vc_column][\/vc_row]<\/p>\n<\/div>","protected":false},"excerpt":{"rendered":"<p>[vc_row full_width=\u00a0\u00bbstretch_row_content_no_spaces\u00a0\u00bb desctop_mt=\u00a0\u00bbmargin-lg-10t\u00a0\u00bb desctop_mb=\u00a0\u00bbmargin-lg-90b\u00a0\u00bb tablets_mt=\u00a0\u00bbmargin-sm-0t\u00a0\u00bb tablets_mb=\u00a0\u00bbmargin-sm-70b\u00a0\u00bb mobile_mb=\u00a0\u00bbmargin-xs-50b\u00a0\u00bb css=\u00a0\u00bb.vc_custom_1716419888924{margin-right: 2px !important;margin-left: 2px !important;border-radius: 1px !important;}\u00a0\u00bb][vc_column][banner_slider type_slider=\u00a0\u00bbandra\u00a0\u00bb autoplay=\u00a0\u00bb5&Prime; speed=\u00a0\u00bb1500&Prime;][banner_slider_items option_style=\u00a0\u00bbandra\u00a0\u00bb image=\u00a0\u00bb3104&Prime;][banner_slider_items option_style=\u00a0\u00bbandra\u00a0\u00bb image=\u00a0\u00bb3088&Prime;][banner_slider_items option_style=\u00a0\u00bbandra\u00a0\u00bb image=\u00a0\u00bb3094&Prime;][banner_slider_items option_style=\u00a0\u00bbandra\u00a0\u00bb image=\u00a0\u00bb3083&Prime;][banner_slider_items option_style=\u00a0\u00bbandra\u00a0\u00bb][\/banner_slider][\/vc_column][\/vc_row][vc_row desctop_mb=\u00a0\u00bbmargin-lg-105b\u00a0\u00bb desctop_md_mb=\u00a0\u00bbmargin-md-80b\u00a0\u00bb tablets_mb=\u00a0\u00bbmargin-sm-70b\u00a0\u00bb mobile_mb=\u00a0\u00bbmargin-xs-40b\u00a0\u00bb][vc_column][wiso_headings style=\u00a0\u00bbtext_link\u00a0\u00bb title=\u00a0\u00bbQUI JE SUIS\u00a0\u00bb subtitle=\u00a0\u00bbGlobe-trotteuse, litt\u00e9raire, fan de sports et surtout photographe. Je m&rsquo;appelle H\u00e9lo\u00efse, j&rsquo;ai grandis dans le nord de la France et je &#8230;<\/p>\n","protected":false},"author":1,"featured_media":0,"parent":0,"menu_order":0,"comment_status":"closed","ping_status":"closed","template":"","meta":{"footnotes":""},"featured_image_src":"","featured_image_src_square":"","_links":{"self":[{"href":"https:\/\/alittlebetterthanadream.com\/index.php?rest_route=\/wp\/v2\/pages\/3134"}],"collection":[{"href":"https:\/\/alittlebetterthanadream.com\/index.php?rest_route=\/wp\/v2\/pages"}],"about":[{"href":"https:\/\/alittlebetterthanadream.com\/index.php?rest_route=\/wp\/v2\/types\/page"}],"author":[{"embeddable":true,"href":"https:\/\/alittlebetterthanadream.com\/index.php?rest_route=\/wp\/v2\/users\/1"}],"replies":[{"embeddable":true,"href":"https:\/\/alittlebetterthanadream.com\/index.php?rest_route=%2Fwp%2Fv2%2Fcomments&post=3134"}],"version-history":[{"count":2,"href":"https:\/\/alittlebetterthanadream.com\/index.php?rest_route=\/wp\/v2\/pages\/3134\/revisions"}],"predecessor-version":[{"id":6559,"href":"https:\/\/alittlebetterthanadream.com\/index.php?rest_route=\/wp\/v2\/pages\/3134\/revisions\/6559"}],"wp:attachment":[{"href":"https:\/\/alittlebetterthanadream.com\/index.php?rest_route=%2Fwp%2Fv2%2Fmedia&parent=3134"}],"curies":[{"name":"wp","href":"https:\/\/api.w.org\/{rel}","templated":true}]}}