{"id":217,"date":"2015-03-13T23:50:53","date_gmt":"2015-03-13T23:50:53","guid":{"rendered":"http:\/\/matchthemes.com\/demowp\/evoke\/?page_id=206"},"modified":"2019-04-04T12:15:26","modified_gmt":"2019-04-04T10:15:26","slug":"home-4","status":"publish","type":"page","link":"https:\/\/alittlebetterthanadream.com\/?page_id=217","title":{"rendered":"A propos"},"content":{"rendered":"\n<p>La seule chose vraiment importante \u00e0 savoir c&rsquo;est que je m&rsquo;appelle H\u00e9lo\u00efse. Avec un H. <\/p>\n","protected":false},"excerpt":{"rendered":"<p>La seule chose vraiment importante \u00e0 savoir c&rsquo;est que je m&rsquo;appelle H\u00e9lo\u00efse. Avec un H.<\/p>\n","protected":false},"author":1,"featured_media":0,"parent":0,"menu_order":0,"comment_status":"open","ping_status":"open","template":"","meta":{"footnotes":""},"featured_image_src":"","featured_image_src_square":"","_links":{"self":[{"href":"https:\/\/alittlebetterthanadream.com\/index.php?rest_route=\/wp\/v2\/pages\/217"}],"collection":[{"href":"https:\/\/alittlebetterthanadream.com\/index.php?rest_route=\/wp\/v2\/pages"}],"about":[{"href":"https:\/\/alittlebetterthanadream.com\/index.php?rest_route=\/wp\/v2\/types\/page"}],"author":[{"embeddable":true,"href":"https:\/\/alittlebetterthanadream.com\/index.php?rest_route=\/wp\/v2\/users\/1"}],"replies":[{"embeddable":true,"href":"https:\/\/alittlebetterthanadream.com\/index.php?rest_route=%2Fwp%2Fv2%2Fcomments&post=217"}],"version-history":[{"count":3,"href":"https:\/\/alittlebetterthanadream.com\/index.php?rest_route=\/wp\/v2\/pages\/217\/revisions"}],"predecessor-version":[{"id":978,"href":"https:\/\/alittlebetterthanadream.com\/index.php?rest_route=\/wp\/v2\/pages\/217\/revisions\/978"}],"wp:attachment":[{"href":"https:\/\/alittlebetterthanadream.com\/index.php?rest_route=%2Fwp%2Fv2%2Fmedia&parent=217"}],"curies":[{"name":"wp","href":"https:\/\/api.w.org\/{rel}","templated":true}]}}